{"id":1937,"date":"2016-08-19T14:37:40","date_gmt":"2016-08-19T14:37:40","guid":{"rendered":"http:\/\/kudos.select-themes.com\/?page_id=1937"},"modified":"2026-02-13T10:35:40","modified_gmt":"2026-02-13T09:35:40","slug":"contactez-nous","status":"publish","type":"page","link":"https:\/\/www.th-biron.be\/?page_id=1937","title":{"rendered":"Contactez-nous"},"content":{"rendered":"<p>[vc_row full_screen_section_height=\u00a0\u00bbno\u00a0\u00bb][vc_column][vc_empty_space][vc_column_text]<\/p>\n<h1>Contactez-nous<\/h1>\n<p>[\/vc_column_text][vc_empty_space][\/vc_column][\/vc_row][vc_row content_width=\u00a0\u00bbgrid\u00a0\u00bb full_screen_section_height=\u00a0\u00bbno\u00a0\u00bb][vc_column css=\u00a0\u00bb.vc_custom_1471259768419{padding-right: 15% !important;}\u00a0\u00bb offset=\u00a0\u00bbvc_col-lg-6 vc_col-md-12&Prime;][vc_empty_space height=\u00a0\u00bb20px\u00a0\u00bb]<div class=\"qodef-icon-list-item\">\n\t<div class=\"qodef-icon-list-icon-holder\">\n        <div class=\"qodef-icon-list-icon-holder-inner clearfix\">\n\t\t\t<i class=\"qodef-icon-ion-icon ion-ios-location-outline \" style=\"color:#0c0200;font-size:22px\" ><\/i>\t\t<\/div>\n\t<\/div>\n\t<p class=\"qodef-icon-list-text\" style=\"font-size:15px\" > Situ\u00e9 \u00e0 5 minutes du centre de Li\u00e8ge, le bureau est \u00e9tabli \u00e0 l\u2019angle de la rue Houdret et de la rue Walth\u00e8re Jamar (c\u00f4te d\u2019ans), en face de l\u2019ancienne piscine communale.<\/p>\n<\/div><div class=\"qodef-icon-list-item\">\n\t<div class=\"qodef-icon-list-icon-holder\">\n        <div class=\"qodef-icon-list-icon-holder-inner clearfix\">\n\t\t\t<i class=\"qodef-icon-ion-icon ion-ios-location-outline \" style=\"color:#0c0200;font-size:22px\" ><\/i>\t\t<\/div>\n\t<\/div>\n\t<p class=\"qodef-icon-list-text\" style=\"font-size:15px\" > Rue Houdret, n\u00b02 4430 Ans - Belgique<\/p>\n<\/div><div class=\"qodef-icon-list-item\">\n\t<div class=\"qodef-icon-list-icon-holder\">\n        <div class=\"qodef-icon-list-icon-holder-inner clearfix\">\n\t\t\t<i class=\"qodef-icon-ion-icon ion-ios-email \" style=\"color:#0f0300;font-size:22px\" ><\/i>\t\t<\/div>\n\t<\/div>\n\t<p class=\"qodef-icon-list-text\" style=\"font-size:15px\" > biron@th-biron.be<\/p>\n<\/div><div class=\"qodef-icon-list-item\">\n\t<div class=\"qodef-icon-list-icon-holder\">\n        <div class=\"qodef-icon-list-icon-holder-inner clearfix\">\n\t\t\t<i class=\"qodef-icon-ion-icon ion-iphone \" style=\"color:#0c0200;font-size:22px\" ><\/i>\t\t<\/div>\n\t<\/div>\n\t<p class=\"qodef-icon-list-text\" style=\"font-size:15px\" > 04\/225.17.90<\/p>\n<\/div><div class=\"qodef-icon-list-item\">\n\t<div class=\"qodef-icon-list-icon-holder\">\n        <div class=\"qodef-icon-list-icon-holder-inner clearfix\">\n\t\t\t<i class=\"qodef-icon-ion-icon ion-iphone \" style=\"color:#0c0200;font-size:22px\" ><\/i>\t\t<\/div>\n\t<\/div>\n\t<p class=\"qodef-icon-list-text\" style=\"font-size:12px\" > N\u00b0 OA 2900118<\/p>\n<\/div><div class=\"qodef-icon-list-item\">\n\t<div class=\"qodef-icon-list-icon-holder\">\n        <div class=\"qodef-icon-list-icon-holder-inner clearfix\">\n\t\t\t<i class=\"qodef-icon-ion-icon ion-ios-location-outline \" style=\"color:#0c0200;font-size:22px\" ><\/i>\t\t<\/div>\n\t<\/div>\n\t<p class=\"qodef-icon-list-text\" style=\"font-size:12px\" > Police responsabilit\u00e9 civile professionnelle sous le num\u00e9ro 00\/A.6937<\/p>\n<\/div>\n    <span class=\"qodef-icon-shortcode normal\" style=\"margin: 0px 15px 0px 0px\" data-color=\"#0f0302\">\n        \n        <i class=\"qodef-icon-ion-icon ion-android-share-alt qodef-icon-element\" style=\"color: #0f0302;font-size:18px\" ><\/i>\n            <\/span>\n\n\n    <span class=\"qodef-icon-shortcode circle\" style=\"margin: 0px 3px 0px 0px;width: 27px;height: 27px;line-height: 27px;background-color: #444444;border-color: #444444\" data-hover-border-color=\"#207ce5\" data-hover-background-color=\"#207ce5\" data-hover-color=\"#ffffff\" data-color=\"#ffffff\">\n                    <a itemprop=\"url\" class=\"\"  href=\"http:\/\/www.twitter.com\" target=\"_blank\">\n        \n        <span aria-hidden=\"true\" class=\"qodef-icon-font-elegant social_twitter qodef-icon-element\" style=\"color: #ffffff;font-size:10px\" ><\/span>\n                    <\/a>\n            <\/span>\n\n\n    <span class=\"qodef-icon-shortcode circle\" style=\"margin: 0px 3px 0px 0px;width: 27px;height: 27px;line-height: 27px;background-color: #444444;border-color: #444444\" data-hover-border-color=\"#207ce5\" data-hover-background-color=\"#207ce5\" data-hover-color=\"#ffffff\" data-color=\"#ffffff\">\n                    <a itemprop=\"url\" class=\"\"  href=\"https:\/\/www.facebook.com\/Thierry-Biron-Architecte-Sprl-119705791439584\/\" target=\"_blank\">\n        \n        <span aria-hidden=\"true\" class=\"qodef-icon-font-elegant social_facebook qodef-icon-element\" style=\"color: #ffffff;font-size:10px\" ><\/span>\n                    <\/a>\n            <\/span>\n\n\n    <span class=\"qodef-icon-shortcode circle\" style=\"margin: 0px 3px 0px 0px;width: 27px;height: 27px;line-height: 27px;background-color: #444444;border-color: #444444\" data-hover-border-color=\"#207ce5\" data-hover-background-color=\"#207ce5\" data-hover-color=\"#ffffff\" data-color=\"#ffffff\">\n                    <a itemprop=\"url\" class=\"\"  href=\"http:\/\/www.instagram.com\" target=\"_blank\">\n        \n        <span aria-hidden=\"true\" class=\"qodef-icon-font-elegant social_instagram qodef-icon-element\" style=\"color: #ffffff;font-size:10px\" ><\/span>\n                    <\/a>\n            <\/span>\n\n\n    <span class=\"qodef-icon-shortcode circle\" style=\"width: 27px;height: 27px;line-height: 27px;background-color: #444444;border-color: #444444\" data-hover-border-color=\"#207ce5\" data-hover-background-color=\"#207ce5\" data-hover-color=\"#ffffff\" data-color=\"#ffffff\">\n                    <a itemprop=\"url\" class=\"\"  href=\"http:\/\/www.linkedin.com\" target=\"_blank\">\n        \n        <span aria-hidden=\"true\" class=\"qodef-icon-font-elegant social_linkedin qodef-icon-element\" style=\"color: #ffffff;font-size:10px\" ><\/span>\n                    <\/a>\n            <\/span>\n\n[\/vc_column][vc_column offset=\u00a0\u00bbvc_col-lg-6 vc_col-md-12&Prime;][vc_single_image image=\u00a0\u00bb6206&Prime; img_size=\u00a0\u00bbfull\u00a0\u00bb][\/vc_column][\/vc_row]<\/p>\n","protected":false},"excerpt":{"rendered":"<p>[vc_row full_screen_section_height=\u00a0\u00bbno\u00a0\u00bb][vc_column][vc_empty_space][vc_column_text] Contactez-nous [\/vc_column_text][vc_empty_space][\/vc_column][\/vc_row][vc_row content_width=\u00a0\u00bbgrid\u00a0\u00bb full_screen_section_height=\u00a0\u00bbno\u00a0\u00bb][vc_column css=\u00a0\u00bb.vc_custom_1471259768419{padding-right: 15% !important;}\u00a0\u00bb offset=\u00a0\u00bbvc_col-lg-6 vc_col-md-12&Prime;][vc_empty_space height=\u00a0\u00bb20px\u00a0\u00bb][\/vc_column][vc_column offset=\u00a0\u00bbvc_col-lg-6 vc_col-md-12&Prime;][vc_single_image image=\u00a0\u00bb6206&Prime; img_size=\u00a0\u00bbfull\u00a0\u00bb][\/vc_column][\/vc_row]<\/p>\n","protected":false},"author":1,"featured_media":0,"parent":0,"menu_order":0,"comment_status":"closed","ping_status":"closed","template":"","meta":[],"_links":{"self":[{"href":"https:\/\/www.th-biron.be\/index.php?rest_route=\/wp\/v2\/pages\/1937"}],"collection":[{"href":"https:\/\/www.th-biron.be\/index.php?rest_route=\/wp\/v2\/pages"}],"about":[{"href":"https:\/\/www.th-biron.be\/index.php?rest_route=\/wp\/v2\/types\/page"}],"author":[{"embeddable":true,"href":"https:\/\/www.th-biron.be\/index.php?rest_route=\/wp\/v2\/users\/1"}],"replies":[{"embeddable":true,"href":"https:\/\/www.th-biron.be\/index.php?rest_route=%2Fwp%2Fv2%2Fcomments&post=1937"}],"version-history":[{"count":36,"href":"https:\/\/www.th-biron.be\/index.php?rest_route=\/wp\/v2\/pages\/1937\/revisions"}],"predecessor-version":[{"id":8677,"href":"https:\/\/www.th-biron.be\/index.php?rest_route=\/wp\/v2\/pages\/1937\/revisions\/8677"}],"wp:attachment":[{"href":"https:\/\/www.th-biron.be\/index.php?rest_route=%2Fwp%2Fv2%2Fmedia&parent=1937"}],"curies":[{"name":"wp","href":"https:\/\/api.w.org\/{rel}","templated":true}]}}