{"id":6751,"date":"2017-02-27T13:08:04","date_gmt":"2017-02-27T12:08:04","guid":{"rendered":"http:\/\/bographik-dev.be\/?page_id=6751"},"modified":"2026-03-11T15:01:53","modified_gmt":"2026-03-11T14:01:53","slug":"notre-equipe","status":"publish","type":"page","link":"https:\/\/www.th-biron.be\/?page_id=6751","title":{"rendered":"Notre \u00e9quipe"},"content":{"rendered":"<p>[vc_row full_screen_section_height=\u00a0\u00bbno\u00a0\u00bb][vc_column][vc_empty_space][vc_column_text]<\/p>\n<h1>Notre \u00e9quipe<\/h1>\n<p>[\/vc_column_text][vc_empty_space][\/vc_column][\/vc_row][vc_column width=\u00a0\u00bb1\/6&Prime;]<div class=\"qodef-team main-info-below-image\">\n\t<div class=\"qodef-team-inner\">\n\t\t\t\t\t<div class=\"qodef-team-image\">\n                <img width=\"1280\" height=\"1924\" src=\"https:\/\/www.th-biron.be\/wp-content\/uploads\/2023\/10\/BEv1Biwm8nygxgwkx6rj2Jk5Eo8TmsQCZyNYR0ot.jpg\" class=\"attachment-full size-full\" alt=\"\" loading=\"lazy\" srcset=\"https:\/\/www.th-biron.be\/wp-content\/uploads\/2023\/10\/BEv1Biwm8nygxgwkx6rj2Jk5Eo8TmsQCZyNYR0ot.jpg 1280w, https:\/\/www.th-biron.be\/wp-content\/uploads\/2023\/10\/BEv1Biwm8nygxgwkx6rj2Jk5Eo8TmsQCZyNYR0ot-200x300.jpg 200w, https:\/\/www.th-biron.be\/wp-content\/uploads\/2023\/10\/BEv1Biwm8nygxgwkx6rj2Jk5Eo8TmsQCZyNYR0ot-681x1024.jpg 681w, https:\/\/www.th-biron.be\/wp-content\/uploads\/2023\/10\/BEv1Biwm8nygxgwkx6rj2Jk5Eo8TmsQCZyNYR0ot-768x1154.jpg 768w, https:\/\/www.th-biron.be\/wp-content\/uploads\/2023\/10\/BEv1Biwm8nygxgwkx6rj2Jk5Eo8TmsQCZyNYR0ot-1022x1536.jpg 1022w\" sizes=\"(max-width: 1280px) 100vw, 1280px\" \/>\t\t\t<\/div>\n\t\t\n\t\t\t\t\t<div class=\"qodef-team-info\">\n\t\t\t\t\t\t\t\t\t<div class=\"qodef-team-title-holder normal_social\">\n\t\t\t\t\t\t\t\t\t\t\t\t\t<h5 class=\"qodef-team-name\">\n\t\t\t\t\t\t\t\tThierry Biron\t\t\t\t\t\t\t<\/h5>\n\t\t\t\t\t\t\t\t\t\t\t\t\t\t\t\t\t\t\t<h6 class=\"qodef-team-position\">Dipl\u00f4m\u00e9 de l\u2019Institut Sup\u00e9rieur d\u2019Architecture Lambert Lombard en 1990<\/h6>\n\t\t\t\t\t\t\t\t\t\t\t<\/div>\n\t\t\t\t\n\t\t\t\t\t\t\t\t\t<div class='qodef-team-text'>\n\t\t\t\t\t\t<div class='qodef-team-text-inner'>\n\t\t\t\t\t\t\t<div class=\"qodef-separator\" style=\"border-bottom: 2px solid#1e73be\"><\/div>\n\t\t\t\t\t\t\t<div class='qodef-team-description'>\n\t\t\t\t\t\t\t\t<p>Architecte \u2013 Expert Judiciaire - Coordinateur S\u00e9curit\u00e9 Sant\u00e9 \u2013 Enqu\u00eateur Permis de Location<\/p>\n\t\t\t\t\t\t\t<\/div>\n\t\t\t\t\t\t<\/div>\n\t\t\t\t\t<\/div>\n\t\t\t\t\n\t\t<div class=\"qodef-team-social-holder-between\">\n\t\t\t<div class=\"qodef-team-social normal_social\">\n\t\t\t\t<div class=\"qodef-team-social-inner\">\n\t\t\t\t\t<div class=\"qodef-team-social-wrapp\">\n\n\t\t\t\t\t\t\n\t\t\t\t\t<\/div>\n\t\t\t\t<\/div>\n\t\t\t<\/div>\n\t\t<\/div>\n\n\t\t<\/div>\n\t<\/div>\n<\/div><div class=\"qodef-team main-info-below-image\">\n\t<div class=\"qodef-team-inner\">\n\t\t\t\t\t<div class=\"qodef-team-image\">\n                <img width=\"1280\" height=\"1924\" src=\"https:\/\/www.th-biron.be\/wp-content\/uploads\/2023\/10\/s3G5TrrA4zPDdSqOfk9GqdhZQbcEOG0oWQa52KUG.jpg\" class=\"attachment-full size-full\" alt=\"\" loading=\"lazy\" srcset=\"https:\/\/www.th-biron.be\/wp-content\/uploads\/2023\/10\/s3G5TrrA4zPDdSqOfk9GqdhZQbcEOG0oWQa52KUG.jpg 1280w, https:\/\/www.th-biron.be\/wp-content\/uploads\/2023\/10\/s3G5TrrA4zPDdSqOfk9GqdhZQbcEOG0oWQa52KUG-200x300.jpg 200w, https:\/\/www.th-biron.be\/wp-content\/uploads\/2023\/10\/s3G5TrrA4zPDdSqOfk9GqdhZQbcEOG0oWQa52KUG-681x1024.jpg 681w, https:\/\/www.th-biron.be\/wp-content\/uploads\/2023\/10\/s3G5TrrA4zPDdSqOfk9GqdhZQbcEOG0oWQa52KUG-768x1154.jpg 768w, https:\/\/www.th-biron.be\/wp-content\/uploads\/2023\/10\/s3G5TrrA4zPDdSqOfk9GqdhZQbcEOG0oWQa52KUG-1022x1536.jpg 1022w\" sizes=\"(max-width: 1280px) 100vw, 1280px\" \/>\t\t\t<\/div>\n\t\t\n\t\t\t\t\t<div class=\"qodef-team-info\">\n\t\t\t\t\t\t\t\t\t<div class=\"qodef-team-title-holder normal_social\">\n\t\t\t\t\t\t\t\t\t\t\t\t\t<h5 class=\"qodef-team-name\">\n\t\t\t\t\t\t\t\tIsabelle Van Laar\t\t\t\t\t\t\t<\/h5>\n\t\t\t\t\t\t\t\t\t\t\t\t\t\t\t\t\t\t\t<h6 class=\"qodef-team-position\">Dipl\u00f4m\u00e9 de l\u2019Institut Sup\u00e9rieur d\u2019Architecture Lambert Lombard en 2005<\/h6>\n\t\t\t\t\t\t\t\t\t\t\t<\/div>\n\t\t\t\t\n\t\t\t\t\t\t\t\t\t<div class='qodef-team-text'>\n\t\t\t\t\t\t<div class='qodef-team-text-inner'>\n\t\t\t\t\t\t\t<div class=\"qodef-separator\" style=\"border-bottom: 2px solid#1e73be\"><\/div>\n\t\t\t\t\t\t\t<div class='qodef-team-description'>\n\t\t\t\t\t\t\t\t<p>Architecte - Expert Judiciaire - Certificateur PEB - Expert immobilier<\/p>\n\t\t\t\t\t\t\t<\/div>\n\t\t\t\t\t\t<\/div>\n\t\t\t\t\t<\/div>\n\t\t\t\t\n\t\t<div class=\"qodef-team-social-holder-between\">\n\t\t\t<div class=\"qodef-team-social normal_social\">\n\t\t\t\t<div class=\"qodef-team-social-inner\">\n\t\t\t\t\t<div class=\"qodef-team-social-wrapp\">\n\n\t\t\t\t\t\t\n\t\t\t\t\t<\/div>\n\t\t\t\t<\/div>\n\t\t\t<\/div>\n\t\t<\/div>\n\n\t\t<\/div>\n\t<\/div>\n<\/div>[\/vc_column][vc_column width=\u00a0\u00bb1\/6&Prime;]<div class=\"qodef-team main-info-below-image\">\n\t<div class=\"qodef-team-inner\">\n\t\t\t\t\t<div class=\"qodef-team-image\">\n                <img width=\"1280\" height=\"1923\" src=\"https:\/\/www.th-biron.be\/wp-content\/uploads\/2023\/10\/SsSDsWhiEiwqWqqpbnvxeuU8UrSW6fReQkglzUF4.jpg\" class=\"attachment-full size-full\" alt=\"\" loading=\"lazy\" srcset=\"https:\/\/www.th-biron.be\/wp-content\/uploads\/2023\/10\/SsSDsWhiEiwqWqqpbnvxeuU8UrSW6fReQkglzUF4.jpg 1280w, https:\/\/www.th-biron.be\/wp-content\/uploads\/2023\/10\/SsSDsWhiEiwqWqqpbnvxeuU8UrSW6fReQkglzUF4-200x300.jpg 200w, https:\/\/www.th-biron.be\/wp-content\/uploads\/2023\/10\/SsSDsWhiEiwqWqqpbnvxeuU8UrSW6fReQkglzUF4-682x1024.jpg 682w, https:\/\/www.th-biron.be\/wp-content\/uploads\/2023\/10\/SsSDsWhiEiwqWqqpbnvxeuU8UrSW6fReQkglzUF4-768x1154.jpg 768w, https:\/\/www.th-biron.be\/wp-content\/uploads\/2023\/10\/SsSDsWhiEiwqWqqpbnvxeuU8UrSW6fReQkglzUF4-1022x1536.jpg 1022w\" sizes=\"(max-width: 1280px) 100vw, 1280px\" \/>\t\t\t<\/div>\n\t\t\n\t\t\t\t\t<div class=\"qodef-team-info\">\n\t\t\t\t\t\t\t\t\t<div class=\"qodef-team-title-holder normal_social\">\n\t\t\t\t\t\t\t\t\t\t\t\t\t<h5 class=\"qodef-team-name\">\n\t\t\t\t\t\t\t\tMarine Warnotte\t\t\t\t\t\t\t<\/h5>\n\t\t\t\t\t\t\t\t\t\t\t\t\t\t\t\t\t\t\t<h6 class=\"qodef-team-position\">Dipl\u00f4m\u00e9 de la facult\u00e9 d\u2019Architecture de l\u2019Universit\u00e9 de Li\u00e8ge en 2012<\/h6>\n\t\t\t\t\t\t\t\t\t\t\t<\/div>\n\t\t\t\t\n\t\t\t\t\t\t\t\t\t<div class='qodef-team-text'>\n\t\t\t\t\t\t<div class='qodef-team-text-inner'>\n\t\t\t\t\t\t\t<div class=\"qodef-separator\" style=\"border-bottom: 2px solid#1e73be\"><\/div>\n\t\t\t\t\t\t\t<div class='qodef-team-description'>\n\t\t\t\t\t\t\t\t<p>Architecte - N\u00b0 OA 3000080<\/p>\n\t\t\t\t\t\t\t<\/div>\n\t\t\t\t\t\t<\/div>\n\t\t\t\t\t<\/div>\n\t\t\t\t\n\t\t<div class=\"qodef-team-social-holder-between\">\n\t\t\t<div class=\"qodef-team-social normal_social\">\n\t\t\t\t<div class=\"qodef-team-social-inner\">\n\t\t\t\t\t<div class=\"qodef-team-social-wrapp\">\n\n\t\t\t\t\t\t\n\t\t\t\t\t<\/div>\n\t\t\t\t<\/div>\n\t\t\t<\/div>\n\t\t<\/div>\n\n\t\t<\/div>\n\t<\/div>\n<\/div>[\/vc_column][vc_column width=\u00a0\u00bb1\/6&Prime;]<div class=\"qodef-team main-info-below-image\">\n\t<div class=\"qodef-team-inner\">\n\t\t\t\t\t<div class=\"qodef-team-image\">\n                <img width=\"1280\" height=\"1924\" src=\"https:\/\/www.th-biron.be\/wp-content\/uploads\/2023\/10\/qoHyIT3dnkq4JHMN4AIMRjBHUOaOXAzAnhoDddhe.jpg\" class=\"attachment-full size-full\" alt=\"\" loading=\"lazy\" srcset=\"https:\/\/www.th-biron.be\/wp-content\/uploads\/2023\/10\/qoHyIT3dnkq4JHMN4AIMRjBHUOaOXAzAnhoDddhe.jpg 1280w, https:\/\/www.th-biron.be\/wp-content\/uploads\/2023\/10\/qoHyIT3dnkq4JHMN4AIMRjBHUOaOXAzAnhoDddhe-200x300.jpg 200w, https:\/\/www.th-biron.be\/wp-content\/uploads\/2023\/10\/qoHyIT3dnkq4JHMN4AIMRjBHUOaOXAzAnhoDddhe-681x1024.jpg 681w, https:\/\/www.th-biron.be\/wp-content\/uploads\/2023\/10\/qoHyIT3dnkq4JHMN4AIMRjBHUOaOXAzAnhoDddhe-768x1154.jpg 768w, https:\/\/www.th-biron.be\/wp-content\/uploads\/2023\/10\/qoHyIT3dnkq4JHMN4AIMRjBHUOaOXAzAnhoDddhe-1022x1536.jpg 1022w\" sizes=\"(max-width: 1280px) 100vw, 1280px\" \/>\t\t\t<\/div>\n\t\t\n\t\t\t\t\t<div class=\"qodef-team-info\">\n\t\t\t\t\t\t\t\t\t<div class=\"qodef-team-title-holder normal_social\">\n\t\t\t\t\t\t\t\t\t\t\t\t\t<h5 class=\"qodef-team-name\">\n\t\t\t\t\t\t\t\tVincent Destin\u00e9\t\t\t\t\t\t\t<\/h5>\n\t\t\t\t\t\t\t\t\t\t\t\t\t\t\t\t\t\t\t<h6 class=\"qodef-team-position\">Dipl\u00f4m\u00e9 de la facult\u00e9 d\u2019Architecture de l\u2019Universit\u00e9 de Li\u00e8ge en 2013<\/h6>\n\t\t\t\t\t\t\t\t\t\t\t<\/div>\n\t\t\t\t\n\t\t\t\t\t\t\t\t\t<div class='qodef-team-text'>\n\t\t\t\t\t\t<div class='qodef-team-text-inner'>\n\t\t\t\t\t\t\t<div class=\"qodef-separator\" style=\"border-bottom: 2px solid#1e73be\"><\/div>\n\t\t\t\t\t\t\t<div class='qodef-team-description'>\n\t\t\t\t\t\t\t\t<p>Architecte \u2013 Responsable de bureau - N\u00b0 OA 3000549<\/p>\n\t\t\t\t\t\t\t<\/div>\n\t\t\t\t\t\t<\/div>\n\t\t\t\t\t<\/div>\n\t\t\t\t\n\t\t<div class=\"qodef-team-social-holder-between\">\n\t\t\t<div class=\"qodef-team-social normal_social\">\n\t\t\t\t<div class=\"qodef-team-social-inner\">\n\t\t\t\t\t<div class=\"qodef-team-social-wrapp\">\n\n\t\t\t\t\t\t\n\t\t\t\t\t<\/div>\n\t\t\t\t<\/div>\n\t\t\t<\/div>\n\t\t<\/div>\n\n\t\t<\/div>\n\t<\/div>\n<\/div>[\/vc_column][vc_column width=\u00a0\u00bb1\/6&Prime;]<div class=\"qodef-team main-info-below-image\">\n\t<div class=\"qodef-team-inner\">\n\t\t\t\t\t<div class=\"qodef-team-image\">\n                <img width=\"869\" height=\"862\" src=\"https:\/\/www.th-biron.be\/wp-content\/uploads\/2025\/04\/Paulina-2.jpg\" class=\"attachment-full size-full\" alt=\"\" loading=\"lazy\" srcset=\"https:\/\/www.th-biron.be\/wp-content\/uploads\/2025\/04\/Paulina-2.jpg 869w, https:\/\/www.th-biron.be\/wp-content\/uploads\/2025\/04\/Paulina-2-300x298.jpg 300w, https:\/\/www.th-biron.be\/wp-content\/uploads\/2025\/04\/Paulina-2-150x150.jpg 150w, https:\/\/www.th-biron.be\/wp-content\/uploads\/2025\/04\/Paulina-2-768x762.jpg 768w\" sizes=\"(max-width: 869px) 100vw, 869px\" \/>\t\t\t<\/div>\n\t\t\n\t\t\t\t\t<div class=\"qodef-team-info\">\n\t\t\t\t\t\t\t\t\t<div class=\"qodef-team-title-holder normal_social\">\n\t\t\t\t\t\t\t\t\t\t\t\t\t<h5 class=\"qodef-team-name\">\n\t\t\t\t\t\t\t\tPaulina Quizhpe\t\t\t\t\t\t\t<\/h5>\n\t\t\t\t\t\t\t\t\t\t\t\t\t\t\t\t\t\t\t<h6 class=\"qodef-team-position\">Dipl\u00f4m\u00e9 de la facult\u00e9 d&#039;Architecture de l&#039;Universit\u00e9 ``Estatal`` de Cuenca (Equateur) en 2016 et d&#039;un Master en Architecture \u00e0 l&#039;Universit\u00e9 de Li\u00e8ge<\/h6>\n\t\t\t\t\t\t\t\t\t\t\t<\/div>\n\t\t\t\t\n\t\t\t\t\t\t\t\t\t<div class='qodef-team-text'>\n\t\t\t\t\t\t<div class='qodef-team-text-inner'>\n\t\t\t\t\t\t\t<div class=\"qodef-separator\" style=\"border-bottom: 2px solid#1e73be\"><\/div>\n\t\t\t\t\t\t\t<div class='qodef-team-description'>\n\t\t\t\t\t\t\t\t<p>Architecte - N\u00b0 OA 3005240<\/p>\n\t\t\t\t\t\t\t<\/div>\n\t\t\t\t\t\t<\/div>\n\t\t\t\t\t<\/div>\n\t\t\t\t\n\t\t<div class=\"qodef-team-social-holder-between\">\n\t\t\t<div class=\"qodef-team-social normal_social\">\n\t\t\t\t<div class=\"qodef-team-social-inner\">\n\t\t\t\t\t<div class=\"qodef-team-social-wrapp\">\n\n\t\t\t\t\t\t\n\t\t\t\t\t<\/div>\n\t\t\t\t<\/div>\n\t\t\t<\/div>\n\t\t<\/div>\n\n\t\t<\/div>\n\t<\/div>\n<\/div>[\/vc_column][vc_column width=\u00a0\u00bb1\/6&Prime;]<div class=\"qodef-team main-info-below-image\">\n\t<div class=\"qodef-team-inner\">\n\t\t\t\t\t<div class=\"qodef-team-image\">\n                <img width=\"1280\" height=\"1923\" src=\"https:\/\/www.th-biron.be\/wp-content\/uploads\/2023\/10\/SbtxLco0EtUcNO303LJSvYF1pIHpcZUVLzHfDZJF.jpg\" class=\"attachment-full size-full\" alt=\"\" loading=\"lazy\" srcset=\"https:\/\/www.th-biron.be\/wp-content\/uploads\/2023\/10\/SbtxLco0EtUcNO303LJSvYF1pIHpcZUVLzHfDZJF.jpg 1280w, https:\/\/www.th-biron.be\/wp-content\/uploads\/2023\/10\/SbtxLco0EtUcNO303LJSvYF1pIHpcZUVLzHfDZJF-200x300.jpg 200w, https:\/\/www.th-biron.be\/wp-content\/uploads\/2023\/10\/SbtxLco0EtUcNO303LJSvYF1pIHpcZUVLzHfDZJF-682x1024.jpg 682w, https:\/\/www.th-biron.be\/wp-content\/uploads\/2023\/10\/SbtxLco0EtUcNO303LJSvYF1pIHpcZUVLzHfDZJF-768x1154.jpg 768w, https:\/\/www.th-biron.be\/wp-content\/uploads\/2023\/10\/SbtxLco0EtUcNO303LJSvYF1pIHpcZUVLzHfDZJF-1022x1536.jpg 1022w\" sizes=\"(max-width: 1280px) 100vw, 1280px\" \/>\t\t\t<\/div>\n\t\t\n\t\t\t\t\t<div class=\"qodef-team-info\">\n\t\t\t\t\t\t\t\t\t<div class=\"qodef-team-title-holder normal_social\">\n\t\t\t\t\t\t\t\t\t\t\t\t\t<h5 class=\"qodef-team-name\">\n\t\t\t\t\t\t\t\tOlivier Biron\t\t\t\t\t\t\t<\/h5>\n\t\t\t\t\t\t\t\t\t\t\t\t\t\t\t\t\t\t\t<h6 class=\"qodef-team-position\">Dipl\u00f4m\u00e9 d&#039;un Bachelier en immobilier en 2020 et d&#039;un Master en Urbanisme et D\u00e9veloppement Territorial \u00e0 l&#039;Universit\u00e9 de Li\u00e8ge en 2023<\/h6>\n\t\t\t\t\t\t\t\t\t\t\t<\/div>\n\t\t\t\t\n\t\t\t\t\t\t\t\t\t<div class='qodef-team-text'>\n\t\t\t\t\t\t<div class='qodef-team-text-inner'>\n\t\t\t\t\t\t\t<div class=\"qodef-separator\" style=\"border-bottom: 2px solid#1e73be\"><\/div>\n\t\t\t\t\t\t\t<div class='qodef-team-description'>\n\t\t\t\t\t\t\t\t<p>Urbaniste - Responsable administratif<\/p>\n\t\t\t\t\t\t\t<\/div>\n\t\t\t\t\t\t<\/div>\n\t\t\t\t\t<\/div>\n\t\t\t\t\n\t\t<div class=\"qodef-team-social-holder-between\">\n\t\t\t<div class=\"qodef-team-social normal_social\">\n\t\t\t\t<div class=\"qodef-team-social-inner\">\n\t\t\t\t\t<div class=\"qodef-team-social-wrapp\">\n\n\t\t\t\t\t\t\n\t\t\t\t\t<\/div>\n\t\t\t\t<\/div>\n\t\t\t<\/div>\n\t\t<\/div>\n\n\t\t<\/div>\n\t<\/div>\n<\/div>[\/vc_column][vc_column width=\u00a0\u00bb1\/6&Prime;]<div class=\"qodef-team main-info-below-image\">\n\t<div class=\"qodef-team-inner\">\n\t\t\t\t\t<div class=\"qodef-team-image\">\n                <img width=\"1280\" height=\"1924\" src=\"https:\/\/www.th-biron.be\/wp-content\/uploads\/2024\/03\/XpKPpzQlzNOIrkdOL5DLZQ2edpAG7Enj9m1BNl8L.jpg\" class=\"attachment-full size-full\" alt=\"\" loading=\"lazy\" srcset=\"https:\/\/www.th-biron.be\/wp-content\/uploads\/2024\/03\/XpKPpzQlzNOIrkdOL5DLZQ2edpAG7Enj9m1BNl8L.jpg 1280w, https:\/\/www.th-biron.be\/wp-content\/uploads\/2024\/03\/XpKPpzQlzNOIrkdOL5DLZQ2edpAG7Enj9m1BNl8L-200x300.jpg 200w, https:\/\/www.th-biron.be\/wp-content\/uploads\/2024\/03\/XpKPpzQlzNOIrkdOL5DLZQ2edpAG7Enj9m1BNl8L-681x1024.jpg 681w, https:\/\/www.th-biron.be\/wp-content\/uploads\/2024\/03\/XpKPpzQlzNOIrkdOL5DLZQ2edpAG7Enj9m1BNl8L-768x1154.jpg 768w, https:\/\/www.th-biron.be\/wp-content\/uploads\/2024\/03\/XpKPpzQlzNOIrkdOL5DLZQ2edpAG7Enj9m1BNl8L-1022x1536.jpg 1022w\" sizes=\"(max-width: 1280px) 100vw, 1280px\" \/>\t\t\t<\/div>\n\t\t\n\t\t\t\t\t<div class=\"qodef-team-info\">\n\t\t\t\t\t\t\t\t\t<div class=\"qodef-team-title-holder normal_social\">\n\t\t\t\t\t\t\t\t\t\t\t\t\t<h5 class=\"qodef-team-name\">\n\t\t\t\t\t\t\t\tJoshua El Hachem\t\t\t\t\t\t\t<\/h5>\n\t\t\t\t\t\t\t\t\t\t\t\t\t\t\t\t\t\t\t<h6 class=\"qodef-team-position\">Dipl\u00f4m\u00e9 de la facult\u00e9 d&#039;Architecture de l&#039;Universit\u00e9 de Kaslik en 2019 (Liban)<\/h6>\n\t\t\t\t\t\t\t\t\t\t\t<\/div>\n\t\t\t\t\n\t\t\t\t\t\t\t\t\t<div class='qodef-team-text'>\n\t\t\t\t\t\t<div class='qodef-team-text-inner'>\n\t\t\t\t\t\t\t<div class=\"qodef-separator\" style=\"border-bottom: 2px solid#1e73be\"><\/div>\n\t\t\t\t\t\t\t<div class='qodef-team-description'>\n\t\t\t\t\t\t\t\t<p>Architecte libanais - Dessinateur<\/p>\n\t\t\t\t\t\t\t<\/div>\n\t\t\t\t\t\t<\/div>\n\t\t\t\t\t<\/div>\n\t\t\t\t\n\t\t<div class=\"qodef-team-social-holder-between\">\n\t\t\t<div class=\"qodef-team-social normal_social\">\n\t\t\t\t<div class=\"qodef-team-social-inner\">\n\t\t\t\t\t<div class=\"qodef-team-social-wrapp\">\n\n\t\t\t\t\t\t\n\t\t\t\t\t<\/div>\n\t\t\t\t<\/div>\n\t\t\t<\/div>\n\t\t<\/div>\n\n\t\t<\/div>\n\t<\/div>\n<\/div>[\/vc_column]<\/p>\n","protected":false},"excerpt":{"rendered":"<p>[vc_row full_screen_section_height=\u00a0\u00bbno\u00a0\u00bb][vc_column][vc_empty_space][vc_column_text] Notre \u00e9quipe [\/vc_column_text][vc_empty_space][\/vc_column][\/vc_row][vc_column width=\u00a0\u00bb1\/6&Prime;][\/vc_column][vc_column width=\u00a0\u00bb1\/6&Prime;][\/vc_column][vc_column width=\u00a0\u00bb1\/6&Prime;][\/vc_column][vc_column width=\u00a0\u00bb1\/6&Prime;][\/vc_column][vc_column width=\u00a0\u00bb1\/6&Prime;][\/vc_column][vc_column width=\u00a0\u00bb1\/6&Prime;][\/vc_column]<\/p>\n","protected":false},"author":670870,"featured_media":0,"parent":0,"menu_order":0,"comment_status":"closed","ping_status":"closed","template":"","meta":[],"_links":{"self":[{"href":"https:\/\/www.th-biron.be\/index.php?rest_route=\/wp\/v2\/pages\/6751"}],"collection":[{"href":"https:\/\/www.th-biron.be\/index.php?rest_route=\/wp\/v2\/pages"}],"about":[{"href":"https:\/\/www.th-biron.be\/index.php?rest_route=\/wp\/v2\/types\/page"}],"author":[{"embeddable":true,"href":"https:\/\/www.th-biron.be\/index.php?rest_route=\/wp\/v2\/users\/670870"}],"replies":[{"embeddable":true,"href":"https:\/\/www.th-biron.be\/index.php?rest_route=%2Fwp%2Fv2%2Fcomments&post=6751"}],"version-history":[{"count":39,"href":"https:\/\/www.th-biron.be\/index.php?rest_route=\/wp\/v2\/pages\/6751\/revisions"}],"predecessor-version":[{"id":8698,"href":"https:\/\/www.th-biron.be\/index.php?rest_route=\/wp\/v2\/pages\/6751\/revisions\/8698"}],"wp:attachment":[{"href":"https:\/\/www.th-biron.be\/index.php?rest_route=%2Fwp%2Fv2%2Fmedia&parent=6751"}],"curies":[{"name":"wp","href":"https:\/\/api.w.org\/{rel}","templated":true}]}}